{"id":215,"date":"2022-09-15T12:53:13","date_gmt":"2022-09-15T10:53:13","guid":{"rendered":"https:\/\/aluplakpolska.pl\/?page_id=215"},"modified":"2022-10-27T09:14:41","modified_gmt":"2022-10-27T07:14:41","slug":"listwa-wykonczeniowa-led","status":"publish","type":"page","link":"https:\/\/aluplakpolska.pl\/index.php\/listwa-wykonczeniowa-led\/","title":{"rendered":"Listwa wyko\u0144czeniowa LED"},"content":{"rendered":"\n<p class=\"has-text-align-left\"><strong>ALUPLAK LED<\/strong> jest idealnym rozwi\u0105zaniem, aby zrelaksowa\u0107 si\u0119 i cieszy\u0107 si\u0119 ka\u017cdym pomieszczeniem, w kt\u00f3rym zostanie zainstalowany. Dzi\u0119ki o\u015bwietleniu \u015bciennemu na listw\u0119 LED i matowej listwie z poliw\u0119glanu, tworzy po\u015brednie \u015bwiat\u0142o kt\u00f3re przeniesie Ci\u0119 do miejsc, w kt\u00f3rych b\u0119dziesz czu\u0142 si\u0119 komfortowo.<\/p>\n\n\n\n<p><strong>ALUPLAK<\/strong> <strong>LED<\/strong> jest w pe\u0142ni funkcjonaln\u0105 aluminiow\u0105 listw\u0105 wyko\u0144czeniow\u0105. Umo\u017cliwia wykonanie o\u015bwietlenia po\u015bredniego, lub g\u0142\u00f3wnego. <\/p>\n\n\n\n<p>Doskonale sprawdzi si\u0119 zar\u00f3wno w sektorze budownictwa <strong>jednorodzinnego, wielorodzinnego<\/strong> oraz w <strong>wykonaniu przemys\u0142owym<\/strong> dla budownictwa <strong>wielkopowierzchniowego.<\/strong><\/p>\n\n\n\n<p>Sk\u0142ada si\u0119 z <strong>dw\u00f3ch cz\u0119\u015bci<\/strong> &#8211; profilu monta\u017cowego oraz profilu wyko\u0144czeniowego <strong>ALUPLAK LED &#8211; listwa wyko\u0144czeniowa LED<\/strong> z dedykowanym kana\u0142em instalacyjnym na ta\u015bm\u0119 led.<\/p>\n\n\n\n<figure class=\"wp-block-gallery has-nested-images columns-default is-cropped wp-block-gallery-1 is-layout-flex wp-block-gallery-is-layout-flex\">\n<figure class=\"wp-block-image size-large\"><img loading=\"lazy\" decoding=\"async\" width=\"1440\" height=\"1080\" data-id=\"140\" src=\"https:\/\/aluplakpolska.pl\/wp-content\/uploads\/2022\/09\/EC9CEE13-8095-40F2-88C1-E2111F1D58E8.jpg\" alt=\"\" class=\"wp-image-140\" srcset=\"https:\/\/aluplakpolska.pl\/wp-content\/uploads\/2022\/09\/EC9CEE13-8095-40F2-88C1-E2111F1D58E8.jpg 1440w, https:\/\/aluplakpolska.pl\/wp-content\/uploads\/2022\/09\/EC9CEE13-8095-40F2-88C1-E2111F1D58E8-300x225.jpg 300w, https:\/\/aluplakpolska.pl\/wp-content\/uploads\/2022\/09\/EC9CEE13-8095-40F2-88C1-E2111F1D58E8-1024x768.jpg 1024w, https:\/\/aluplakpolska.pl\/wp-content\/uploads\/2022\/09\/EC9CEE13-8095-40F2-88C1-E2111F1D58E8-768x576.jpg 768w\" sizes=\"auto, (max-width: 1440px) 100vw, 1440px\" \/><figcaption>Profil ALUPLAK LED z wyko\u0144czeniem drewnopodobnym <\/figcaption><\/figure>\n<\/figure>\n\n\n\n<hr class=\"wp-block-separator has-alpha-channel-opacity\"\/>\n\n\n\n<p class=\"has-text-align-center has-white-color has-luminous-vivid-amber-background-color has-text-color has-background\"><strong>MONTA\u017b<\/strong><\/p>\n\n\n\n<p><\/p>\n\n\n\n<p><strong>\u0141atwy monta\u017c <\/strong>nie pozwala pope\u0142ni\u0107 b\u0142\u0119du w czasie pracy, dzi\u0119ki czemu zyskujemy du\u017ce oszcz\u0119dno\u015bci materia\u0142u i czasu monta\u017cu, a aluminiowe profile charakteryzuj\u0105 si\u0119 prostot\u0105 wykonania i \u0142atwo\u015bci\u0105 utrzymania czysto\u015bci instalowanych profili. Po wyko\u0144czeniu powierzchni, \u015bciana z profilem, tworzy jedn\u0105 p\u0142aszczyzn\u0119.<\/p>\n\n\n\n<figure class=\"wp-block-gallery has-nested-images columns-default is-cropped wp-block-gallery-2 is-layout-flex wp-block-gallery-is-layout-flex\">\n<figure class=\"wp-block-image size-large is-style-default\"><img loading=\"lazy\" decoding=\"async\" width=\"699\" height=\"403\" data-id=\"185\" src=\"https:\/\/aluplakpolska.pl\/wp-content\/uploads\/2022\/09\/led-2.png\" alt=\"\" class=\"wp-image-185\" srcset=\"https:\/\/aluplakpolska.pl\/wp-content\/uploads\/2022\/09\/led-2.png 699w, https:\/\/aluplakpolska.pl\/wp-content\/uploads\/2022\/09\/led-2-300x173.png 300w\" sizes=\"auto, (max-width: 699px) 100vw, 699px\" \/><\/figure>\n<\/figure>\n\n\n\n<figure class=\"wp-block-gallery has-nested-images columns-default is-cropped wp-block-gallery-3 is-layout-flex wp-block-gallery-is-layout-flex\">\n<figure class=\"wp-block-image size-large\"><img loading=\"lazy\" decoding=\"async\" width=\"496\" height=\"246\" data-id=\"184\" src=\"https:\/\/aluplakpolska.pl\/wp-content\/uploads\/2022\/09\/led-1.png\" alt=\"\" class=\"wp-image-184\" srcset=\"https:\/\/aluplakpolska.pl\/wp-content\/uploads\/2022\/09\/led-1.png 496w, https:\/\/aluplakpolska.pl\/wp-content\/uploads\/2022\/09\/led-1-300x149.png 300w\" sizes=\"auto, (max-width: 496px) 100vw, 496px\" \/><\/figure>\n<\/figure>\n\n\n\n<hr class=\"wp-block-separator has-alpha-channel-opacity\"\/>\n\n\n\n<p class=\"has-white-color has-luminous-vivid-amber-background-color has-text-color has-background\"><em><strong>Co daje Ci ALUPLAK LED?<\/strong><\/em><\/p>\n\n\n\n<p>Doskonale nadaje si\u0119 do wyko\u0144czenia wn\u0119trz, kt\u00f3re dzi\u0119ki temu uzyskuj\u0105 <strong>niepowtarzalny wygl\u0105d<\/strong>, jednocze\u015bnie zapewniaj\u0105c <strong>szeroki wachlarz mo\u017cliwo\u015bci dla monta\u017cyst\u00f3w, architekt\u00f3w i firm z sektora budowlanego.<\/strong><\/p>\n\n\n\n<p><strong>ALUPLAK<\/strong> jest opatentowanym na ca\u0142ym \u015bwiecie systemem do monta\u017cu p\u0142yt GK, p\u0142ytek ceramicznych lub innych p\u0142yt wyko\u0144czeniowych i staje si\u0119 standardem u\u017cytkowania i wyko\u0144czenia wn\u0119trz.<\/p>\n\n\n\n<p><\/p>\n\n\n\n<ul class=\"wp-block-list\"><li>Oddzielenie p\u0142yty wyko\u0144czeniowej od pod\u0142o\u017ca, (przeciwdzia\u0142anie zawilgoceniu \u015bcian w miejscu po\u0142\u0105czenia z pod\u0142og\u0105),<\/li><li>Dedykowany kana\u0142 instalacyjny dla instalacji elektrycznej, radiowo telewizyjnej, sieci internet, sieci telefonicznej, itp.,<\/li><li>Kana\u0142 instalacyjny z listw\u0105 poliw\u0119glanow\u0105 dla instalacji ta\u015bmy led (o\u015bwietlenie po\u015brednie, g\u0142\u00f3wne, komunikacyjne, drogi ewakuacyjne)<\/li><li>Bogata kolorystyka RAL, wyko\u0144czenia drewnopodobne, futura, wyko\u0144czenia anodowane,<\/li><li>Bezinwazyjne prace instalacyjne na ka\u017cdym etapie u\u017cytkowania.<\/li><\/ul>\n\n\n\n<figure class=\"wp-block-gallery has-nested-images columns-default is-cropped wp-block-gallery-4 is-layout-flex wp-block-gallery-is-layout-flex\">\n<figure class=\"wp-block-image size-large\"><img loading=\"lazy\" decoding=\"async\" width=\"1024\" height=\"683\" data-id=\"413\" src=\"https:\/\/aluplakpolska.pl\/wp-content\/uploads\/2022\/09\/Sin-titulo-1-1024x683.jpg\" alt=\"\" class=\"wp-image-413\" srcset=\"https:\/\/aluplakpolska.pl\/wp-content\/uploads\/2022\/09\/Sin-titulo-1-1024x683.jpg 1024w, https:\/\/aluplakpolska.pl\/wp-content\/uploads\/2022\/09\/Sin-titulo-1-300x200.jpg 300w, https:\/\/aluplakpolska.pl\/wp-content\/uploads\/2022\/09\/Sin-titulo-1-768x512.jpg 768w, https:\/\/aluplakpolska.pl\/wp-content\/uploads\/2022\/09\/Sin-titulo-1-1536x1024.jpg 1536w, https:\/\/aluplakpolska.pl\/wp-content\/uploads\/2022\/09\/Sin-titulo-1-2048x1366.jpg 2048w\" sizes=\"auto, (max-width: 1024px) 100vw, 1024px\" \/><\/figure>\n\n\n\n<figure class=\"wp-block-image size-large\"><img loading=\"lazy\" decoding=\"async\" width=\"1920\" height=\"2560\" data-id=\"387\" src=\"https:\/\/aluplakpolska.pl\/wp-content\/uploads\/2022\/09\/20220413_130355-Recuperado-scaled.jpg\" alt=\"\" class=\"wp-image-387\" srcset=\"https:\/\/aluplakpolska.pl\/wp-content\/uploads\/2022\/09\/20220413_130355-Recuperado-scaled.jpg 1920w, https:\/\/aluplakpolska.pl\/wp-content\/uploads\/2022\/09\/20220413_130355-Recuperado-225x300.jpg 225w, https:\/\/aluplakpolska.pl\/wp-content\/uploads\/2022\/09\/20220413_130355-Recuperado-768x1024.jpg 768w, https:\/\/aluplakpolska.pl\/wp-content\/uploads\/2022\/09\/20220413_130355-Recuperado-1152x1536.jpg 1152w, https:\/\/aluplakpolska.pl\/wp-content\/uploads\/2022\/09\/20220413_130355-Recuperado-1536x2048.jpg 1536w\" sizes=\"auto, (max-width: 1920px) 100vw, 1920px\" \/><\/figure>\n\n\n\n<figure class=\"wp-block-image size-large\"><img loading=\"lazy\" decoding=\"async\" width=\"2560\" height=\"1920\" data-id=\"392\" src=\"https:\/\/aluplakpolska.pl\/wp-content\/uploads\/2022\/09\/20220714_103209-scaled.jpg\" alt=\"\" class=\"wp-image-392\" srcset=\"https:\/\/aluplakpolska.pl\/wp-content\/uploads\/2022\/09\/20220714_103209-scaled.jpg 2560w, https:\/\/aluplakpolska.pl\/wp-content\/uploads\/2022\/09\/20220714_103209-300x225.jpg 300w, https:\/\/aluplakpolska.pl\/wp-content\/uploads\/2022\/09\/20220714_103209-1024x768.jpg 1024w, https:\/\/aluplakpolska.pl\/wp-content\/uploads\/2022\/09\/20220714_103209-768x576.jpg 768w, https:\/\/aluplakpolska.pl\/wp-content\/uploads\/2022\/09\/20220714_103209-1536x1152.jpg 1536w, https:\/\/aluplakpolska.pl\/wp-content\/uploads\/2022\/09\/20220714_103209-2048x1536.jpg 2048w\" sizes=\"auto, (max-width: 2560px) 100vw, 2560px\" \/><\/figure>\n\n\n\n<figure class=\"wp-block-image size-large\"><img loading=\"lazy\" decoding=\"async\" width=\"2560\" height=\"1707\" data-id=\"345\" src=\"https:\/\/aluplakpolska.pl\/wp-content\/uploads\/2022\/09\/DSC9252-scaled.jpg\" alt=\"\" class=\"wp-image-345\" srcset=\"https:\/\/aluplakpolska.pl\/wp-content\/uploads\/2022\/09\/DSC9252-scaled.jpg 2560w, https:\/\/aluplakpolska.pl\/wp-content\/uploads\/2022\/09\/DSC9252-300x200.jpg 300w, https:\/\/aluplakpolska.pl\/wp-content\/uploads\/2022\/09\/DSC9252-1024x683.jpg 1024w, https:\/\/aluplakpolska.pl\/wp-content\/uploads\/2022\/09\/DSC9252-768x512.jpg 768w, https:\/\/aluplakpolska.pl\/wp-content\/uploads\/2022\/09\/DSC9252-1536x1024.jpg 1536w, https:\/\/aluplakpolska.pl\/wp-content\/uploads\/2022\/09\/DSC9252-2048x1365.jpg 2048w\" sizes=\"auto, (max-width: 2560px) 100vw, 2560px\" \/><\/figure>\n\n\n\n<figure class=\"wp-block-image size-large\"><img loading=\"lazy\" decoding=\"async\" width=\"1707\" height=\"2560\" data-id=\"333\" src=\"https:\/\/aluplakpolska.pl\/wp-content\/uploads\/2022\/09\/DSC4385-scaled.jpg\" alt=\"\" class=\"wp-image-333\" srcset=\"https:\/\/aluplakpolska.pl\/wp-content\/uploads\/2022\/09\/DSC4385-scaled.jpg 1707w, https:\/\/aluplakpolska.pl\/wp-content\/uploads\/2022\/09\/DSC4385-200x300.jpg 200w, https:\/\/aluplakpolska.pl\/wp-content\/uploads\/2022\/09\/DSC4385-683x1024.jpg 683w, https:\/\/aluplakpolska.pl\/wp-content\/uploads\/2022\/09\/DSC4385-768x1152.jpg 768w, https:\/\/aluplakpolska.pl\/wp-content\/uploads\/2022\/09\/DSC4385-1024x1536.jpg 1024w, https:\/\/aluplakpolska.pl\/wp-content\/uploads\/2022\/09\/DSC4385-1365x2048.jpg 1365w\" sizes=\"auto, (max-width: 1707px) 100vw, 1707px\" \/><\/figure>\n<\/figure>\n","protected":false},"excerpt":{"rendered":"<p>ALUPLAK LED jest idealnym rozwi\u0105zaniem, aby zrelaksowa\u0107 si\u0119 i cieszy\u0107 si\u0119 ka\u017cdym pomieszczeniem, w kt\u00f3rym zostanie zainstalowany. Dzi\u0119ki o\u015bwietleniu \u015bciennemu na listw\u0119 LED i matowej listwie z poliw\u0119glanu, tworzy po\u015brednie \u015bwiat\u0142o kt\u00f3re przeniesie Ci\u0119 do miejsc, w kt\u00f3rych b\u0119dziesz czu\u0142 si\u0119 komfortowo. ALUPLAK LED jest w pe\u0142ni funkcjonaln\u0105 aluminiow\u0105 listw\u0105 wyko\u0144czeniow\u0105. Umo\u017cliwia wykonanie o\u015bwietlenia po\u015bredniego, [&hellip;]<\/p>\n","protected":false},"author":1,"featured_media":0,"parent":0,"menu_order":0,"comment_status":"closed","ping_status":"closed","template":"","meta":{"footnotes":""},"class_list":["post-215","page","type-page","status-publish","hentry"],"_links":{"self":[{"href":"https:\/\/aluplakpolska.pl\/index.php\/wp-json\/wp\/v2\/pages\/215","targetHints":{"allow":["GET"]}}],"collection":[{"href":"https:\/\/aluplakpolska.pl\/index.php\/wp-json\/wp\/v2\/pages"}],"about":[{"href":"https:\/\/aluplakpolska.pl\/index.php\/wp-json\/wp\/v2\/types\/page"}],"author":[{"embeddable":true,"href":"https:\/\/aluplakpolska.pl\/index.php\/wp-json\/wp\/v2\/users\/1"}],"replies":[{"embeddable":true,"href":"https:\/\/aluplakpolska.pl\/index.php\/wp-json\/wp\/v2\/comments?post=215"}],"version-history":[{"count":11,"href":"https:\/\/aluplakpolska.pl\/index.php\/wp-json\/wp\/v2\/pages\/215\/revisions"}],"predecessor-version":[{"id":442,"href":"https:\/\/aluplakpolska.pl\/index.php\/wp-json\/wp\/v2\/pages\/215\/revisions\/442"}],"wp:attachment":[{"href":"https:\/\/aluplakpolska.pl\/index.php\/wp-json\/wp\/v2\/media?parent=215"}],"curies":[{"name":"wp","href":"https:\/\/api.w.org\/{rel}","templated":true}]}}