{"id":222,"date":"2022-09-15T13:06:12","date_gmt":"2022-09-15T11:06:12","guid":{"rendered":"https:\/\/aluplakpolska.pl\/?page_id=222"},"modified":"2022-10-27T09:18:24","modified_gmt":"2022-10-27T07:18:24","slug":"listwa-wykonczeniowa-thermic","status":"publish","type":"page","link":"https:\/\/aluplakpolska.pl\/index.php\/listwa-wykonczeniowa-thermic\/","title":{"rendered":"Listwa wyko\u0144czeniowa Thermic"},"content":{"rendered":"\n<p>Idealne po\u0142\u0105czenie ALUPLAK z grzejnikiem, bez zu\u017cywania energii, dzi\u0119ki mo\u017cliwo\u015bci prowadzenia miedzianych rur instalacji CO wewn\u0105trz <strong>ALUPLAK THERMIC.<\/strong> <\/p>\n\n\n\n<p>Dzi\u0119ki aluminium, materia\u0142u, z kt\u00f3rego jest wykonany, przewodzi ciep\u0142o i rozprowadza je po pomieszczeniu, w kt\u00f3rym jest zainstalowany. Prostota monta\u017cu i \u0142atwo\u015b\u0107 monta\u017cu <strong>ALUPLAK i ALUPLAK LED<\/strong>.<\/p>\n\n\n\n<figure class=\"wp-block-gallery has-nested-images columns-default is-cropped wp-block-gallery-1 is-layout-flex wp-block-gallery-is-layout-flex\">\n<figure class=\"wp-block-image size-large\"><img loading=\"lazy\" decoding=\"async\" width=\"1024\" height=\"576\" data-id=\"279\" src=\"https:\/\/aluplakpolska.pl\/wp-content\/uploads\/2022\/09\/IMG-20220217-WA0011-1024x576.jpg\" alt=\"\" class=\"wp-image-279\" srcset=\"https:\/\/aluplakpolska.pl\/wp-content\/uploads\/2022\/09\/IMG-20220217-WA0011-1024x576.jpg 1024w, https:\/\/aluplakpolska.pl\/wp-content\/uploads\/2022\/09\/IMG-20220217-WA0011-300x169.jpg 300w, https:\/\/aluplakpolska.pl\/wp-content\/uploads\/2022\/09\/IMG-20220217-WA0011-768x432.jpg 768w, https:\/\/aluplakpolska.pl\/wp-content\/uploads\/2022\/09\/IMG-20220217-WA0011-1536x864.jpg 1536w, https:\/\/aluplakpolska.pl\/wp-content\/uploads\/2022\/09\/IMG-20220217-WA0011.jpg 1600w\" sizes=\"auto, (max-width: 1024px) 100vw, 1024px\" \/><\/figure>\n<\/figure>\n\n\n\n<hr class=\"wp-block-separator has-alpha-channel-opacity\"\/>\n\n\n\n<p class=\"has-text-align-center has-white-color has-luminous-vivid-amber-background-color has-text-color has-background\">MONTA\u017b<\/p>\n\n\n<div class=\"wp-block-image\">\n<figure class=\"aligncenter size-full\"><img loading=\"lazy\" decoding=\"async\" width=\"945\" height=\"533\" src=\"https:\/\/aluplakpolska.pl\/wp-content\/uploads\/2022\/09\/image-1.png\" alt=\"\" class=\"wp-image-237\" srcset=\"https:\/\/aluplakpolska.pl\/wp-content\/uploads\/2022\/09\/image-1.png 945w, https:\/\/aluplakpolska.pl\/wp-content\/uploads\/2022\/09\/image-1-300x169.png 300w, https:\/\/aluplakpolska.pl\/wp-content\/uploads\/2022\/09\/image-1-768x433.png 768w\" sizes=\"auto, (max-width: 945px) 100vw, 945px\" \/><\/figure>\n<\/div>\n\n<div class=\"wp-block-image\">\n<figure class=\"aligncenter size-full\"><img loading=\"lazy\" decoding=\"async\" width=\"945\" height=\"543\" src=\"https:\/\/aluplakpolska.pl\/wp-content\/uploads\/2022\/09\/image.png\" alt=\"\" class=\"wp-image-236\" srcset=\"https:\/\/aluplakpolska.pl\/wp-content\/uploads\/2022\/09\/image.png 945w, https:\/\/aluplakpolska.pl\/wp-content\/uploads\/2022\/09\/image-300x172.png 300w, https:\/\/aluplakpolska.pl\/wp-content\/uploads\/2022\/09\/image-768x441.png 768w\" sizes=\"auto, (max-width: 945px) 100vw, 945px\" \/><\/figure>\n<\/div>\n\n\n<hr class=\"wp-block-separator has-alpha-channel-opacity\"\/>\n\n\n\n<p class=\"has-white-color has-luminous-vivid-amber-background-color has-text-color has-background\"><em>Co daje Ci ALUPLAK THERMIC?<\/em><\/p>\n\n\n\n<p>ALUPLAK THERMIC jest uniwersaln\u0105 listw\u0105 aluminiow\u0105, zaprojektowan\u0105 w celu optymalizacji u\u017cyteczno\u015bci i wyko\u0144czenia \u015bcian z p\u0142yt GK, p\u0142ytek ceramicznych i innych p\u0142yt wyko\u0144czeniowych.<\/p>\n\n\n\n<p>Powi\u0119kszenie kana\u0142u instalacyjnego w por\u00f3wnaniu do ALUPLAK FULL i ALUPLAK LED, umo\u017cliwia prowadzenie wewn\u0105trz, dw\u00f3ch rurek, o \u015brednicy do 25 mm.<\/p>\n\n\n\n<p>ALUPLAK THERMIC, to pe\u0142ny praktyczny system:<\/p>\n\n\n\n<ul class=\"wp-block-list\"><li>Oddzielenie p\u0142yty wyko\u0144czeniowej od pod\u0142o\u017ca,<\/li><li>Kana\u0142 instalacyjny dedykowany do prowadzenia wszelkiego rodzaju przewod\u00f3w instalacyjnych lub rurek CO, wodnych, itp,<\/li><li>Bezinwazyjne prace instalacyjne na ka\u017cdym etapie u\u017cytkowania,<\/li><li>Trwa\u0142o\u015b\u0107 zainstalowanego produktu,<\/li><li>Dost\u0119p do instalacji CO w ka\u017cdym momencie u\u017cytkowania,<\/li><li>Estetyczne i eleganckie wyko\u0144czenie wn\u0119trz.<\/li><\/ul>\n\n\n\n<p>ALUPLAK THERMIC dost\u0119pny jest w bogatej kolorystyce RAL strukturach, wyko\u0144czeniach drewnopodobnych oraz w surowym aluminium.<\/p>\n\n\n\n<figure class=\"wp-block-gallery has-nested-images columns-default is-cropped wp-block-gallery-2 is-layout-flex wp-block-gallery-is-layout-flex\">\n<figure class=\"wp-block-image size-large\"><img loading=\"lazy\" decoding=\"async\" width=\"384\" height=\"683\" data-id=\"444\" src=\"https:\/\/aluplakpolska.pl\/wp-content\/uploads\/2022\/10\/WhatsApp-Image-2021-11-12-at-16.48.57-8-edited.jpeg\" alt=\"\" class=\"wp-image-444\" srcset=\"https:\/\/aluplakpolska.pl\/wp-content\/uploads\/2022\/10\/WhatsApp-Image-2021-11-12-at-16.48.57-8-edited.jpeg 384w, https:\/\/aluplakpolska.pl\/wp-content\/uploads\/2022\/10\/WhatsApp-Image-2021-11-12-at-16.48.57-8-edited-169x300.jpeg 169w\" sizes=\"auto, (max-width: 384px) 100vw, 384px\" \/><\/figure>\n<\/figure>\n\n\n\n<p><\/p>\n","protected":false},"excerpt":{"rendered":"<p>Idealne po\u0142\u0105czenie ALUPLAK z grzejnikiem, bez zu\u017cywania energii, dzi\u0119ki mo\u017cliwo\u015bci prowadzenia miedzianych rur instalacji CO wewn\u0105trz ALUPLAK THERMIC. Dzi\u0119ki aluminium, materia\u0142u, z kt\u00f3rego jest wykonany, przewodzi ciep\u0142o i rozprowadza je po pomieszczeniu, w kt\u00f3rym jest zainstalowany. Prostota monta\u017cu i \u0142atwo\u015b\u0107 monta\u017cu ALUPLAK i ALUPLAK LED. MONTA\u017b Co daje Ci ALUPLAK THERMIC? ALUPLAK THERMIC jest uniwersaln\u0105 [&hellip;]<\/p>\n","protected":false},"author":1,"featured_media":0,"parent":0,"menu_order":0,"comment_status":"closed","ping_status":"closed","template":"","meta":{"footnotes":""},"class_list":["post-222","page","type-page","status-publish","hentry"],"_links":{"self":[{"href":"https:\/\/aluplakpolska.pl\/index.php\/wp-json\/wp\/v2\/pages\/222","targetHints":{"allow":["GET"]}}],"collection":[{"href":"https:\/\/aluplakpolska.pl\/index.php\/wp-json\/wp\/v2\/pages"}],"about":[{"href":"https:\/\/aluplakpolska.pl\/index.php\/wp-json\/wp\/v2\/types\/page"}],"author":[{"embeddable":true,"href":"https:\/\/aluplakpolska.pl\/index.php\/wp-json\/wp\/v2\/users\/1"}],"replies":[{"embeddable":true,"href":"https:\/\/aluplakpolska.pl\/index.php\/wp-json\/wp\/v2\/comments?post=222"}],"version-history":[{"count":9,"href":"https:\/\/aluplakpolska.pl\/index.php\/wp-json\/wp\/v2\/pages\/222\/revisions"}],"predecessor-version":[{"id":445,"href":"https:\/\/aluplakpolska.pl\/index.php\/wp-json\/wp\/v2\/pages\/222\/revisions\/445"}],"wp:attachment":[{"href":"https:\/\/aluplakpolska.pl\/index.php\/wp-json\/wp\/v2\/media?parent=222"}],"curies":[{"name":"wp","href":"https:\/\/api.w.org\/{rel}","templated":true}]}}