{"id":249,"date":"2022-09-15T14:02:55","date_gmt":"2022-09-15T12:02:55","guid":{"rendered":"https:\/\/aluplakpolska.pl\/?page_id=249"},"modified":"2022-10-27T09:13:21","modified_gmt":"2022-10-27T07:13:21","slug":"listwa-wykonczeniowa-pelna-2","status":"publish","type":"page","link":"https:\/\/aluplakpolska.pl\/index.php\/listwa-wykonczeniowa-pelna-2\/","title":{"rendered":"Listwa wyko\u0144czeniowa pe\u0142na"},"content":{"rendered":"\n<p>Prostota ALUPLAK pozwala na stworzenie minimalistycznych i designerskich wn\u0119trz. Dzi\u0119ki temu, \u017ce licuje si\u0119 w jednej linii ze \u015bcian\u0105, zyskujemy prost\u0105 lini\u0119 \u015bciany i pod\u0142ogi, w przeciwie\u0144stwie do tradycyjnej listwy przypod\u0142ogowej.<\/p>\n\n\n\n<p>Sk\u0142ada si\u0119 z <strong>dw\u00f3ch cz\u0119\u015bci<\/strong> &#8211; profilu monta\u017cowego &#8211; jednego dla wszystkich wersji rozwi\u0105zania oraz profilu wyko\u0144czeniowego w wielu wariantach wykonania (<strong>ALUPLAK FULL &#8211; listwa wyko\u0144czeniowa g\u0142adka pe\u0142na, ALUPLAK LED listwa wyko\u0144czeniowa LED, ALUPLAK THERMIC &#8211; prowadzenie\/maskowanie rurek CO, CORNERPLAK &#8211; zabudowa naro\u017cnik\u00f3w w wersji LED<\/strong>).<\/p>\n\n\n<div class=\"wp-block-image\">\n<figure class=\"aligncenter size-large\"><img loading=\"lazy\" decoding=\"async\" width=\"1024\" height=\"768\" src=\"https:\/\/aluplakpolska.pl\/wp-content\/uploads\/2022\/09\/IMG_5954-1024x768.jpg\" alt=\"\" class=\"wp-image-142\" srcset=\"https:\/\/aluplakpolska.pl\/wp-content\/uploads\/2022\/09\/IMG_5954-1024x768.jpg 1024w, https:\/\/aluplakpolska.pl\/wp-content\/uploads\/2022\/09\/IMG_5954-300x225.jpg 300w, https:\/\/aluplakpolska.pl\/wp-content\/uploads\/2022\/09\/IMG_5954-768x576.jpg 768w, https:\/\/aluplakpolska.pl\/wp-content\/uploads\/2022\/09\/IMG_5954-1536x1152.jpg 1536w, https:\/\/aluplakpolska.pl\/wp-content\/uploads\/2022\/09\/IMG_5954.jpg 2016w\" sizes=\"auto, (max-width: 1024px) 100vw, 1024px\" \/><figcaption>Profil ALUPLAK FULL w wersji z wyko\u0144czeniem pe\u0142nym g\u0142adkim (czarny mat)<\/figcaption><\/figure>\n<\/div>\n\n\n<hr class=\"wp-block-separator has-alpha-channel-opacity\"\/>\n\n\n\n<p class=\"has-text-align-center has-white-color has-luminous-vivid-amber-background-color has-text-color has-background\">MONTA\u017b<\/p>\n\n\n<div class=\"wp-block-image\">\n<figure class=\"aligncenter size-full\"><img loading=\"lazy\" decoding=\"async\" width=\"693\" height=\"402\" src=\"https:\/\/aluplakpolska.pl\/wp-content\/uploads\/2022\/09\/full-2.png\" alt=\"\" class=\"wp-image-183\" srcset=\"https:\/\/aluplakpolska.pl\/wp-content\/uploads\/2022\/09\/full-2.png 693w, https:\/\/aluplakpolska.pl\/wp-content\/uploads\/2022\/09\/full-2-300x174.png 300w\" sizes=\"auto, (max-width: 693px) 100vw, 693px\" \/><\/figure>\n<\/div>\n\n<div class=\"wp-block-image\">\n<figure class=\"aligncenter size-large\"><img loading=\"lazy\" decoding=\"async\" width=\"687\" height=\"389\" src=\"https:\/\/aluplakpolska.pl\/wp-content\/uploads\/2022\/09\/full-1.png\" alt=\"\" class=\"wp-image-182\" srcset=\"https:\/\/aluplakpolska.pl\/wp-content\/uploads\/2022\/09\/full-1.png 687w, https:\/\/aluplakpolska.pl\/wp-content\/uploads\/2022\/09\/full-1-300x170.png 300w\" sizes=\"auto, (max-width: 687px) 100vw, 687px\" \/><\/figure>\n<\/div>\n\n\n<hr class=\"wp-block-separator has-alpha-channel-opacity\"\/>\n\n\n\n<p class=\"has-white-color has-luminous-vivid-amber-background-color has-text-color has-background\"><em>Co daje Ci ALUPLAK?<\/em><\/p>\n\n\n\n<p><strong>ALUPLAK <\/strong>to uniwersalna listwa aluminiowa, zaprojektowana w celu optymalizacji u\u017cyteczno\u015bci i wyko\u0144czenia \u015bcian z p\u0142yt gipsowo-kartonowych, p\u0142ytek ceramicznych i innych p\u0142yt wyko\u0144czeniowych.<\/p>\n\n\n\n<p>ALUPLAK to pe\u0142ny praktyczny system:<\/p>\n\n\n\n<ul class=\"wp-block-list\"><li>Oddzielenie p\u0142yty wyko\u0144czeniowej od pod\u0142o\u017ca, (przeciwdzia\u0142anie zawilgoceniu \u015bcian w miejscu po\u0142\u0105czenia z pod\u0142og\u0105)<\/li><li>Zwi\u0119kszenie powierzchni u\u017cytkowej pomieszczenia,<\/li><li>Wyposa\u017cenie wn\u0119trz jest dosuni\u0119te do p\u0142aszczyzny \u015bciany,<\/li><li>Brak coko\u0142u przy \u015bcianie (brak sprz\u0105tania),<\/li><li>Kana\u0142 instalacyjny dedykowany do prowadzenia wszelkiego rodzaju przewod\u00f3w instalacyjnych,<\/li><li>Bezinwazyjne prace instalacyjne na ka\u017cdym etapie u\u017cytkowania,<\/li><li>Trwa\u0142o\u015b\u0107 produktu wykonanego z ekstrudowanego aluminium.<\/li><\/ul>\n\n\n\n<p>ALUPLAK dost\u0119pny jest w pe\u0142nej kolorystyce RAL, strukturach, wyko\u0144czeniach drewnopodobnych, anodowanych oraz bez lakierowania w surowym aluminium.<\/p>\n\n\n\n<figure class=\"wp-block-gallery has-nested-images columns-default is-cropped wp-block-gallery-1 is-layout-flex wp-block-gallery-is-layout-flex\">\n<figure class=\"wp-block-image size-large\"><img loading=\"lazy\" decoding=\"async\" width=\"4032\" height=\"3024\" data-id=\"379\" src=\"https:\/\/aluplakpolska.pl\/wp-content\/uploads\/2022\/09\/20220329_154305.png\" alt=\"\" class=\"wp-image-379\" srcset=\"https:\/\/aluplakpolska.pl\/wp-content\/uploads\/2022\/09\/20220329_154305.png 4032w, https:\/\/aluplakpolska.pl\/wp-content\/uploads\/2022\/09\/20220329_154305-300x225.png 300w, https:\/\/aluplakpolska.pl\/wp-content\/uploads\/2022\/09\/20220329_154305-1024x768.png 1024w, https:\/\/aluplakpolska.pl\/wp-content\/uploads\/2022\/09\/20220329_154305-768x576.png 768w, https:\/\/aluplakpolska.pl\/wp-content\/uploads\/2022\/09\/20220329_154305-1536x1152.png 1536w, https:\/\/aluplakpolska.pl\/wp-content\/uploads\/2022\/09\/20220329_154305-2048x1536.png 2048w\" sizes=\"auto, (max-width: 4032px) 100vw, 4032px\" \/><\/figure>\n\n\n\n<figure class=\"wp-block-image size-large\"><img loading=\"lazy\" decoding=\"async\" width=\"1536\" height=\"2048\" data-id=\"105\" src=\"https:\/\/aluplakpolska.pl\/wp-content\/uploads\/2022\/09\/WhatsApp-Image-2021-12-07-at-18.33.24-1.jpeg\" alt=\"\" class=\"wp-image-105\" srcset=\"https:\/\/aluplakpolska.pl\/wp-content\/uploads\/2022\/09\/WhatsApp-Image-2021-12-07-at-18.33.24-1.jpeg 1536w, https:\/\/aluplakpolska.pl\/wp-content\/uploads\/2022\/09\/WhatsApp-Image-2021-12-07-at-18.33.24-1-225x300.jpeg 225w, https:\/\/aluplakpolska.pl\/wp-content\/uploads\/2022\/09\/WhatsApp-Image-2021-12-07-at-18.33.24-1-768x1024.jpeg 768w, https:\/\/aluplakpolska.pl\/wp-content\/uploads\/2022\/09\/WhatsApp-Image-2021-12-07-at-18.33.24-1-1152x1536.jpeg 1152w\" sizes=\"auto, (max-width: 1536px) 100vw, 1536px\" \/><\/figure>\n\n\n\n<figure class=\"wp-block-image size-large\"><img loading=\"lazy\" decoding=\"async\" width=\"1512\" height=\"2016\" data-id=\"396\" src=\"https:\/\/aluplakpolska.pl\/wp-content\/uploads\/2022\/09\/ALUL77.jpg\" alt=\"\" class=\"wp-image-396\" srcset=\"https:\/\/aluplakpolska.pl\/wp-content\/uploads\/2022\/09\/ALUL77.jpg 1512w, https:\/\/aluplakpolska.pl\/wp-content\/uploads\/2022\/09\/ALUL77-225x300.jpg 225w, https:\/\/aluplakpolska.pl\/wp-content\/uploads\/2022\/09\/ALUL77-768x1024.jpg 768w, https:\/\/aluplakpolska.pl\/wp-content\/uploads\/2022\/09\/ALUL77-1152x1536.jpg 1152w\" sizes=\"auto, (max-width: 1512px) 100vw, 1512px\" \/><\/figure>\n<\/figure>\n","protected":false},"excerpt":{"rendered":"<p>Prostota ALUPLAK pozwala na stworzenie minimalistycznych i designerskich wn\u0119trz. Dzi\u0119ki temu, \u017ce licuje si\u0119 w jednej linii ze \u015bcian\u0105, zyskujemy prost\u0105 lini\u0119 \u015bciany i pod\u0142ogi, w przeciwie\u0144stwie do tradycyjnej listwy przypod\u0142ogowej. Sk\u0142ada si\u0119 z dw\u00f3ch cz\u0119\u015bci &#8211; profilu monta\u017cowego &#8211; jednego dla wszystkich wersji rozwi\u0105zania oraz profilu wyko\u0144czeniowego w wielu wariantach wykonania (ALUPLAK FULL &#8211; [&hellip;]<\/p>\n","protected":false},"author":1,"featured_media":0,"parent":0,"menu_order":0,"comment_status":"closed","ping_status":"closed","template":"","meta":{"footnotes":""},"class_list":["post-249","page","type-page","status-publish","hentry"],"_links":{"self":[{"href":"https:\/\/aluplakpolska.pl\/index.php\/wp-json\/wp\/v2\/pages\/249","targetHints":{"allow":["GET"]}}],"collection":[{"href":"https:\/\/aluplakpolska.pl\/index.php\/wp-json\/wp\/v2\/pages"}],"about":[{"href":"https:\/\/aluplakpolska.pl\/index.php\/wp-json\/wp\/v2\/types\/page"}],"author":[{"embeddable":true,"href":"https:\/\/aluplakpolska.pl\/index.php\/wp-json\/wp\/v2\/users\/1"}],"replies":[{"embeddable":true,"href":"https:\/\/aluplakpolska.pl\/index.php\/wp-json\/wp\/v2\/comments?post=249"}],"version-history":[{"count":7,"href":"https:\/\/aluplakpolska.pl\/index.php\/wp-json\/wp\/v2\/pages\/249\/revisions"}],"predecessor-version":[{"id":441,"href":"https:\/\/aluplakpolska.pl\/index.php\/wp-json\/wp\/v2\/pages\/249\/revisions\/441"}],"wp:attachment":[{"href":"https:\/\/aluplakpolska.pl\/index.php\/wp-json\/wp\/v2\/media?parent=249"}],"curies":[{"name":"wp","href":"https:\/\/api.w.org\/{rel}","templated":true}]}}