{"id":27,"date":"2022-09-06T21:41:17","date_gmt":"2022-09-06T19:41:17","guid":{"rendered":"http:\/\/serwer155609.lh.pl\/autoinstalator\/serwer155609.lh.pl\/wordpress2209\/index.php\/home\/"},"modified":"2022-09-15T12:39:40","modified_gmt":"2022-09-15T10:39:40","slug":"home","status":"publish","type":"page","link":"https:\/\/aluplakpolska.pl\/","title":{"rendered":"Home"},"content":{"rendered":"\n<p><strong>ALUPLAK<\/strong> jest w pe\u0142ni funkcjonaln\u0105 aluminiow\u0105 listw\u0105 wyko\u0144czeniow\u0105.<\/p>\n\n\n\n<p>Sk\u0142ada si\u0119 z <strong>dw\u00f3ch cz\u0119\u015bci<\/strong> &#8211; profilu monta\u017cowego &#8211; jednego dla wszystkich wersji rozwi\u0105zania oraz profilu wyko\u0144czeniowego w wariantach wykonania (<strong>ALUPLAK FULL &#8211; listwa wyko\u0144czeniowa g\u0142adka pe\u0142na, ALUPLAK LED listwa wyko\u0144czeniowa LED, ALUPLAK THERMIC &#8211; prowadzenie\/maskowanie rurek CO, CORNERPLAK &#8211; zabudowa naro\u017cnik\u00f3w w wersji LED<\/strong>).<\/p>\n\n\n\n<p>Profil monta\u017cowy ALUPLAK unosi p\u0142yt\u0119 gipsowo-kartonow\u0105, p\u0142ytk\u0119 ceramiczn\u0105 lub inna p\u0142yt\u0119 wyko\u0144czeniow\u0105 ponad ko\u0144cowy poziom pod\u0142ogi.<\/p>\n\n\n\n<p>Profil wyko\u0144czeniowy w prosty i \u0142atwy spos\u00f3b mocowany jest do profilu monta\u017cowego w wersji g\u0142adkiej, wersji z listw\u0105 o\u015bwietleniow\u0105 LED, CORNERPLAK i ALUPAK THERMIC.<\/p>\n\n\n\n<p><strong>ALUPLAK<\/strong> oddziela p\u0142yt\u0119 gipsowo-kartonow\u0105 od pod\u0142ogi na odleg\u0142o\u015b\u0107 6,6 cm, chroni\u0105c j\u0105 przed wilgoci\u0105 i umo\u017cliwiaj\u0105c prowadzenie przewod\u00f3w internetowych, telefonicznych, elektrycznych w dedykowanym profilu monta\u017cowym, dzi\u0119ki kana\u0142owi o wysoko\u015bci 5 cm.<\/p>\n\n\n\n<p>Dost\u0119pny w r\u00f3\u017cnych modelach: <strong>ALUPLAK Standard, LED, THERMIC i CORNERPLAK<\/strong> w bogatej ofercie kolorystycznej RAL wyko\u0144czeniem strukturalnym, nadaje si\u0119 do recyklingu oraz zapewnia nowoczesny design i innowacyjno\u015b\u0107.<\/p>\n\n\n\n<p>Produkt dost\u0119pny r\u00f3wnie\u017c bez lakierowania w surowym aluminium.<\/p>\n","protected":false},"excerpt":{"rendered":"<p>ALUPLAK jest w pe\u0142ni funkcjonaln\u0105 aluminiow\u0105 listw\u0105 wyko\u0144czeniow\u0105. Sk\u0142ada si\u0119 z dw\u00f3ch cz\u0119\u015bci &#8211; profilu monta\u017cowego &#8211; jednego dla wszystkich wersji rozwi\u0105zania oraz profilu wyko\u0144czeniowego w wariantach wykonania (ALUPLAK FULL &#8211; listwa wyko\u0144czeniowa g\u0142adka pe\u0142na, ALUPLAK LED listwa wyko\u0144czeniowa LED, ALUPLAK THERMIC &#8211; prowadzenie\/maskowanie rurek CO, CORNERPLAK &#8211; zabudowa naro\u017cnik\u00f3w w wersji LED). Profil monta\u017cowy [&hellip;]<\/p>\n","protected":false},"author":1,"featured_media":0,"parent":0,"menu_order":0,"comment_status":"closed","ping_status":"closed","template":"page-templates\/frontpage.php","meta":{"footnotes":""},"class_list":["post-27","page","type-page","status-publish","hentry"],"_links":{"self":[{"href":"https:\/\/aluplakpolska.pl\/index.php\/wp-json\/wp\/v2\/pages\/27","targetHints":{"allow":["GET"]}}],"collection":[{"href":"https:\/\/aluplakpolska.pl\/index.php\/wp-json\/wp\/v2\/pages"}],"about":[{"href":"https:\/\/aluplakpolska.pl\/index.php\/wp-json\/wp\/v2\/types\/page"}],"author":[{"embeddable":true,"href":"https:\/\/aluplakpolska.pl\/index.php\/wp-json\/wp\/v2\/users\/1"}],"replies":[{"embeddable":true,"href":"https:\/\/aluplakpolska.pl\/index.php\/wp-json\/wp\/v2\/comments?post=27"}],"version-history":[{"count":3,"href":"https:\/\/aluplakpolska.pl\/index.php\/wp-json\/wp\/v2\/pages\/27\/revisions"}],"predecessor-version":[{"id":190,"href":"https:\/\/aluplakpolska.pl\/index.php\/wp-json\/wp\/v2\/pages\/27\/revisions\/190"}],"wp:attachment":[{"href":"https:\/\/aluplakpolska.pl\/index.php\/wp-json\/wp\/v2\/media?parent=27"}],"curies":[{"name":"wp","href":"https:\/\/api.w.org\/{rel}","templated":true}]}}