{"id":314,"date":"2022-09-20T10:39:32","date_gmt":"2022-09-20T08:39:32","guid":{"rendered":"https:\/\/aluplakpolska.pl\/?page_id=314"},"modified":"2022-09-20T12:38:12","modified_gmt":"2022-09-20T10:38:12","slug":"zastosowanie-aluplak-led-i-aluplak-thermic","status":"publish","type":"page","link":"https:\/\/aluplakpolska.pl\/index.php\/zastosowanie-aluplak-led-i-aluplak-thermic\/","title":{"rendered":"Zastosowanie Aluplak LED i Aluplak Thermic"},"content":{"rendered":"\n<p class=\"has-text-align-left\">Dzi\u0119ki zastosowaniu listwy wyko\u0144czeniowej Aluplak LED i Aluplak Thermic, wykonano po\u015brednie o\u015bwietlenie pomieszcze\u0144 biurowych. Dodatkowo wykorzystanie listwy wyko\u0144czeniowej Aluplak THERMIC pozwoli\u0142o na bezinwazyjn\u0105 adaptacj\u0119 instalacji wodnej dla cz\u0119\u015bci jadalni w pomieszczeniu OFFICE SIESTA dla pracownik\u00f3w. Zadowolenie klienta z tak wykonanej pracy, to najlepsze czego do\u015bwiadczamy razem z ALUPLAK.<\/p>\n\n\n\n<figure class=\"wp-block-gallery has-nested-images columns-default is-cropped wp-block-gallery-1 is-layout-flex wp-block-gallery-is-layout-flex\">\n<figure class=\"wp-block-image size-large\"><img loading=\"lazy\" decoding=\"async\" width=\"1600\" height=\"900\" data-id=\"20\" src=\"https:\/\/aluplakpolska.pl\/wp-content\/uploads\/2022\/09\/IMG-20220217-WA0004.jpg\" alt=\"\" class=\"wp-image-20\" srcset=\"https:\/\/aluplakpolska.pl\/wp-content\/uploads\/2022\/09\/IMG-20220217-WA0004.jpg 1600w, https:\/\/aluplakpolska.pl\/wp-content\/uploads\/2022\/09\/IMG-20220217-WA0004-300x169.jpg 300w, https:\/\/aluplakpolska.pl\/wp-content\/uploads\/2022\/09\/IMG-20220217-WA0004-1024x576.jpg 1024w, https:\/\/aluplakpolska.pl\/wp-content\/uploads\/2022\/09\/IMG-20220217-WA0004-768x432.jpg 768w, https:\/\/aluplakpolska.pl\/wp-content\/uploads\/2022\/09\/IMG-20220217-WA0004-1536x864.jpg 1536w\" sizes=\"auto, (max-width: 1600px) 100vw, 1600px\" \/><figcaption>Aluplak LED (czarny mat) jako o\u015bwietlenie po\u015brednie pomieszczenia konferencyjnego<\/figcaption><\/figure>\n\n\n\n<figure class=\"wp-block-image size-large\"><img loading=\"lazy\" decoding=\"async\" width=\"937\" height=\"952\" data-id=\"23\" src=\"https:\/\/aluplakpolska.pl\/wp-content\/uploads\/2022\/09\/qwe.png\" alt=\"\" class=\"wp-image-23\" srcset=\"https:\/\/aluplakpolska.pl\/wp-content\/uploads\/2022\/09\/qwe.png 937w, https:\/\/aluplakpolska.pl\/wp-content\/uploads\/2022\/09\/qwe-295x300.png 295w, https:\/\/aluplakpolska.pl\/wp-content\/uploads\/2022\/09\/qwe-768x780.png 768w\" sizes=\"auto, (max-width: 937px) 100vw, 937px\" \/><figcaption>ALUPLAK LED (czarny mat) o\u015bwietlenie po\u015brednie przypod\u0142ogowe biura<\/figcaption><\/figure>\n\n\n\n<figure class=\"wp-block-image size-large\"><img loading=\"lazy\" decoding=\"async\" width=\"907\" height=\"700\" data-id=\"22\" src=\"https:\/\/aluplakpolska.pl\/wp-content\/uploads\/2022\/09\/qw2.png\" alt=\"\" class=\"wp-image-22\" srcset=\"https:\/\/aluplakpolska.pl\/wp-content\/uploads\/2022\/09\/qw2.png 907w, https:\/\/aluplakpolska.pl\/wp-content\/uploads\/2022\/09\/qw2-300x232.png 300w, https:\/\/aluplakpolska.pl\/wp-content\/uploads\/2022\/09\/qw2-768x593.png 768w\" sizes=\"auto, (max-width: 907px) 100vw, 907px\" \/><\/figure>\n\n\n\n<figure class=\"wp-block-image size-large\"><img loading=\"lazy\" decoding=\"async\" width=\"947\" height=\"633\" data-id=\"16\" src=\"https:\/\/aluplakpolska.pl\/wp-content\/uploads\/2022\/09\/IMG-20220217-WA0009.jpg\" alt=\"\" class=\"wp-image-16\" srcset=\"https:\/\/aluplakpolska.pl\/wp-content\/uploads\/2022\/09\/IMG-20220217-WA0009.jpg 947w, https:\/\/aluplakpolska.pl\/wp-content\/uploads\/2022\/09\/IMG-20220217-WA0009-300x201.jpg 300w, https:\/\/aluplakpolska.pl\/wp-content\/uploads\/2022\/09\/IMG-20220217-WA0009-768x513.jpg 768w\" sizes=\"auto, (max-width: 947px) 100vw, 947px\" \/><\/figure>\n\n\n\n<figure class=\"wp-block-image size-large\"><img loading=\"lazy\" decoding=\"async\" width=\"1600\" height=\"900\" data-id=\"18\" src=\"https:\/\/aluplakpolska.pl\/wp-content\/uploads\/2022\/09\/IMG-20220217-WA0012.jpg\" alt=\"\" class=\"wp-image-18\" srcset=\"https:\/\/aluplakpolska.pl\/wp-content\/uploads\/2022\/09\/IMG-20220217-WA0012.jpg 1600w, https:\/\/aluplakpolska.pl\/wp-content\/uploads\/2022\/09\/IMG-20220217-WA0012-300x169.jpg 300w, https:\/\/aluplakpolska.pl\/wp-content\/uploads\/2022\/09\/IMG-20220217-WA0012-1024x576.jpg 1024w, https:\/\/aluplakpolska.pl\/wp-content\/uploads\/2022\/09\/IMG-20220217-WA0012-768x432.jpg 768w, https:\/\/aluplakpolska.pl\/wp-content\/uploads\/2022\/09\/IMG-20220217-WA0012-1536x864.jpg 1536w\" sizes=\"auto, (max-width: 1600px) 100vw, 1600px\" \/><\/figure>\n<\/figure>\n\n\n\n<p><\/p>\n\n\n\n<figure class=\"wp-block-gallery aligncenter has-nested-images columns-default is-cropped wp-block-gallery-2 is-layout-flex wp-block-gallery-is-layout-flex\">\n<figure class=\"wp-block-image size-large\"><img loading=\"lazy\" decoding=\"async\" width=\"1024\" height=\"576\" data-id=\"279\" src=\"https:\/\/aluplakpolska.pl\/wp-content\/uploads\/2022\/09\/IMG-20220217-WA0011-1024x576.jpg\" alt=\"\" class=\"wp-image-279\" srcset=\"https:\/\/aluplakpolska.pl\/wp-content\/uploads\/2022\/09\/IMG-20220217-WA0011-1024x576.jpg 1024w, https:\/\/aluplakpolska.pl\/wp-content\/uploads\/2022\/09\/IMG-20220217-WA0011-300x169.jpg 300w, https:\/\/aluplakpolska.pl\/wp-content\/uploads\/2022\/09\/IMG-20220217-WA0011-768x432.jpg 768w, https:\/\/aluplakpolska.pl\/wp-content\/uploads\/2022\/09\/IMG-20220217-WA0011-1536x864.jpg 1536w, https:\/\/aluplakpolska.pl\/wp-content\/uploads\/2022\/09\/IMG-20220217-WA0011.jpg 1600w\" sizes=\"auto, (max-width: 1024px) 100vw, 1024px\" \/><figcaption>ALUPLAK THERMIC (czarny mat) &#8211; maskowanie rur instalacji wodnej do pod\u0142\u0105czenia zlewu w cz\u0119\u015bci dla pracownik\u00f3w. Bez kucia i dodatkowych prac instalacyjnych<\/figcaption><\/figure>\n<\/figure>\n","protected":false},"excerpt":{"rendered":"<p>Dzi\u0119ki zastosowaniu listwy wyko\u0144czeniowej Aluplak LED i Aluplak Thermic, wykonano po\u015brednie o\u015bwietlenie pomieszcze\u0144 biurowych. Dodatkowo wykorzystanie listwy wyko\u0144czeniowej Aluplak THERMIC pozwoli\u0142o na bezinwazyjn\u0105 adaptacj\u0119 instalacji wodnej dla cz\u0119\u015bci jadalni w pomieszczeniu OFFICE SIESTA dla pracownik\u00f3w. Zadowolenie klienta z tak wykonanej pracy, to najlepsze czego do\u015bwiadczamy razem z ALUPLAK.<\/p>\n","protected":false},"author":1,"featured_media":0,"parent":0,"menu_order":0,"comment_status":"closed","ping_status":"closed","template":"","meta":{"footnotes":""},"class_list":["post-314","page","type-page","status-publish","hentry"],"_links":{"self":[{"href":"https:\/\/aluplakpolska.pl\/index.php\/wp-json\/wp\/v2\/pages\/314","targetHints":{"allow":["GET"]}}],"collection":[{"href":"https:\/\/aluplakpolska.pl\/index.php\/wp-json\/wp\/v2\/pages"}],"about":[{"href":"https:\/\/aluplakpolska.pl\/index.php\/wp-json\/wp\/v2\/types\/page"}],"author":[{"embeddable":true,"href":"https:\/\/aluplakpolska.pl\/index.php\/wp-json\/wp\/v2\/users\/1"}],"replies":[{"embeddable":true,"href":"https:\/\/aluplakpolska.pl\/index.php\/wp-json\/wp\/v2\/comments?post=314"}],"version-history":[{"count":4,"href":"https:\/\/aluplakpolska.pl\/index.php\/wp-json\/wp\/v2\/pages\/314\/revisions"}],"predecessor-version":[{"id":324,"href":"https:\/\/aluplakpolska.pl\/index.php\/wp-json\/wp\/v2\/pages\/314\/revisions\/324"}],"wp:attachment":[{"href":"https:\/\/aluplakpolska.pl\/index.php\/wp-json\/wp\/v2\/media?parent=314"}],"curies":[{"name":"wp","href":"https:\/\/api.w.org\/{rel}","templated":true}]}}